{"id":5471,"date":"2024-04-19T16:34:53","date_gmt":"2024-04-19T16:34:53","guid":{"rendered":"https:\/\/frankarlos.cl\/?post_type=product&#038;p=5471"},"modified":"2025-06-02T01:55:54","modified_gmt":"2025-06-02T01:55:54","slug":"proterline-perro-adulto-22-kg","status":"publish","type":"product","link":"https:\/\/frankarlos.cl\/index.php\/product\/proterline-perro-adulto-22-kg\/","title":{"rendered":"Proterline Perro Adulto 22 kg"},"content":{"rendered":"<h1 class=\"product_title entry-title wd-entities-title\">Proterline Perros Adultos 22kg<\/h1>\n<p>Alimento 100% completo y balanceado que cubre todos los requerimientos nutricionales de perros adultos a partir del a\u00f1o de vida.<\/p>\n<p>Elaborado con la mejor selecci\u00f3n de ingredientes, brinda los beneficios necesarios para ayudar a que tu perro mantenga siempre una \u00f3ptima calidad de vida.<\/p>\n<p>Contiene prote\u00ednas, que favorecen una masa muscular fuerte; glucosamina y condroit\u00edn sulfato, que ayudan a proteger sus huesos y articulaciones; Omega 3 y 6, que colaboran con la salud de la piel y el brillo del pelaje; y fibras naturales, que ayudan a absorber los nutrientes.<\/p>\n<p>Beneficios<\/p>\n<p>Glucosamina y Condroit\u00edn sulfato: contribuyen a la regeneraci\u00f3n y protecci\u00f3n osteoarticular.<\/p>\n<p>23% de prote\u00ednas: aportan al correcto mantenimiento de los m\u00fasculos.<\/p>\n<p>\u00c1cidos Omega: Promueve la salud de la piel, el brillo del pelo, y colaboran en los procesos inflamatorios.<\/p>\n<p>Ingredientes<\/p>\n<p>Ma\u00edz, harina de subproductos de pollo, harina de carne y huesos, arroz, harina de soja, aceite de pollo (fuente de Omega 6), subproductos de trigo, pulpa de remolacha, aceite de pescado (fuente de Omega 3), saborizante natural: hidrolizado de menudencias aviares, antioxidantes naturales (eucalipto,or\u00e9gano, thymol), extracto de yucca, colina, glucosamina, condroit\u00edn sulfato, sulfato de cobre,vitamina E, cloruro de sodio, sulfato de hierro, sulfato de zinc, fosfato monodic\u00e1lcico, carbonato de calcio, DL-metionina, HCL-lisina, antif\u00fangico: propionato de amonio, sulfato manganoso, nicotinamida, pantotenato de calcio, vitamina B2, vitamina B1, vitamina K3, biotina , vitamina A, vitamina D3, \u00e1cido f\u00f3lico, vitamina B6, vitamina B12, iodato de calcio, bicarbonato de sodio, selenito de sodio.<\/p>\n<p>Contenido nutricional<\/p>\n<p>Prote\u00edna bruta\/cruda (m\u00edn.) 23%, Grasa (m\u00edn.) 12%, Fibra cruda (m\u00e1x.) 5%, Humedad (m\u00e1x.) 10%, Minerales totales (M\u00e1x.) 8%, Calcio (M\u00edn.) 1,2%, Calcio (M\u00e1x.) 1,8%, F\u00f3sforo (M\u00edn.) 0,8%, F\u00f3sforo (M\u00e1x.) 1,2%.<br \/>\nEnerg\u00eda metabolizable: 3600 Kcal\/kg<\/p>\n<p>Alimentacion sugerida<\/p>\n<table width=\"752\">\n<tbody>\n<tr>\n<td>Peso\u00a0del perro (kg)<\/td>\n<td>1 a 5 kg<\/td>\n<td>6 a 10 kg<\/td>\n<td>11 a 15 kg<\/td>\n<td>16 a 20 kg<\/td>\n<td>21 a 30 kg<\/td>\n<td>31 a 40 kg<\/td>\n<td>41 a 50 kg<\/td>\n<\/tr>\n<tr>\n<td>Gramos diarios (m\u00edn.\/m\u00e1x.)<\/td>\n<td>50 &#8211; 120g<\/td>\n<td>130 &#8211; 220g<\/td>\n<td>250 &#8211; 330g<\/td>\n<td>350 &#8211; 450g<\/td>\n<td>470 &#8211; 650g<\/td>\n<td>680 &#8211; 900g<\/td>\n<td>900 &#8211; 1100g<\/td>\n<\/tr>\n<\/tbody>\n<\/table>\n","protected":false},"excerpt":{"rendered":"<h1 class=\"product_title entry-title wd-entities-title\">Proterline Perros Adultos 22kg<\/h1>\n<p>Proterline es una nueva marca de alimento 100% completo y balanceado para perros, que cubre todos los requerimientos nutricionales de cachorros y adultos. Elaborado a partir de la mejor selecci\u00f3n de ingredientes, brinda todos los beneficios necesarios para ayudar a que el perro se mantenga siempre saludable.<\/p>\n","protected":false},"featured_media":5473,"comment_status":"open","ping_status":"closed","template":"","meta":{"_acf_changed":false},"product_cat":[15],"product_tag":[],"class_list":{"0":"post-5471","1":"product","2":"type-product","3":"status-publish","4":"has-post-thumbnail","6":"product_cat-perros","8":"first","9":"instock","10":"taxable","11":"shipping-taxable","12":"purchasable","13":"product-type-simple"},"acf":[],"yoast_head":"<!-- This site is optimized with the Yoast SEO plugin v22.4 - https:\/\/yoast.com\/wordpress\/plugins\/seo\/ -->\n<title>Proterline Perro Adulto 22 kg - Tienda de alimentos para mascotas Frankarlos<\/title>\n<meta name=\"description\" content=\"Proterline Perros Adultos 22kg Frankarlos alimento para mascotas, Av. Valpara\u00edso 1982, Villa Alemana y en Quilpu\u00e9 Unimarc Marga Marga +569 8489 2837\" \/>\n<meta name=\"robots\" content=\"index, follow, max-snippet:-1, max-image-preview:large, max-video-preview:-1\" \/>\n<link rel=\"canonical\" href=\"https:\/\/frankarlos.cl\/index.php\/product\/proterline-perro-adulto-22-kg\/\" \/>\n<meta property=\"og:locale\" content=\"es_ES\" \/>\n<meta property=\"og:type\" content=\"article\" \/>\n<meta property=\"og:title\" content=\"Proterline Perro Adulto 22 kg - Tienda de alimentos para mascotas Frankarlos\" \/>\n<meta property=\"og:description\" content=\"Proterline Perros Adultos 22kg Frankarlos alimento para mascotas, Av. Valpara\u00edso 1982, Villa Alemana y en Quilpu\u00e9 Unimarc Marga Marga +569 8489 2837\" \/>\n<meta property=\"og:url\" content=\"https:\/\/frankarlos.cl\/index.php\/product\/proterline-perro-adulto-22-kg\/\" \/>\n<meta property=\"og:site_name\" content=\"Tienda de alimentos para mascotas Frankarlos\" \/>\n<meta property=\"article:modified_time\" content=\"2025-06-02T01:55:54+00:00\" \/>\n<meta property=\"og:image\" content=\"https:\/\/frankarlos.cl\/wp-content\/uploads\/2024\/04\/Proterline-adulto-22-kg-perro.png\" \/>\n\t<meta property=\"og:image:width\" content=\"800\" \/>\n\t<meta property=\"og:image:height\" content=\"800\" \/>\n\t<meta property=\"og:image:type\" content=\"image\/png\" \/>\n<meta name=\"twitter:card\" content=\"summary_large_image\" \/>\n<meta name=\"twitter:label1\" content=\"Tiempo de lectura\" \/>\n\t<meta name=\"twitter:data1\" content=\"2 minutos\" \/>\n<script type=\"application\/ld+json\" class=\"yoast-schema-graph\">{\"@context\":\"https:\/\/schema.org\",\"@graph\":[{\"@type\":\"WebPage\",\"@id\":\"https:\/\/frankarlos.cl\/index.php\/product\/proterline-perro-adulto-22-kg\/\",\"url\":\"https:\/\/frankarlos.cl\/index.php\/product\/proterline-perro-adulto-22-kg\/\",\"name\":\"Proterline Perro Adulto 22 kg - Tienda de alimentos para mascotas Frankarlos\",\"isPartOf\":{\"@id\":\"https:\/\/frankarlos.cl\/#website\"},\"primaryImageOfPage\":{\"@id\":\"https:\/\/frankarlos.cl\/index.php\/product\/proterline-perro-adulto-22-kg\/#primaryimage\"},\"image\":{\"@id\":\"https:\/\/frankarlos.cl\/index.php\/product\/proterline-perro-adulto-22-kg\/#primaryimage\"},\"thumbnailUrl\":\"https:\/\/frankarlos.cl\/wp-content\/uploads\/2024\/04\/Proterline-adulto-22-kg-perro.png\",\"datePublished\":\"2024-04-19T16:34:53+00:00\",\"dateModified\":\"2025-06-02T01:55:54+00:00\",\"description\":\"Proterline Perros Adultos 22kg Frankarlos alimento para mascotas, Av. Valpara\u00edso 1982, Villa Alemana y en Quilpu\u00e9 Unimarc Marga Marga +569 8489 2837\",\"breadcrumb\":{\"@id\":\"https:\/\/frankarlos.cl\/index.php\/product\/proterline-perro-adulto-22-kg\/#breadcrumb\"},\"inLanguage\":\"es\",\"potentialAction\":[{\"@type\":\"ReadAction\",\"target\":[\"https:\/\/frankarlos.cl\/index.php\/product\/proterline-perro-adulto-22-kg\/\"]}]},{\"@type\":\"ImageObject\",\"inLanguage\":\"es\",\"@id\":\"https:\/\/frankarlos.cl\/index.php\/product\/proterline-perro-adulto-22-kg\/#primaryimage\",\"url\":\"https:\/\/frankarlos.cl\/wp-content\/uploads\/2024\/04\/Proterline-adulto-22-kg-perro.png\",\"contentUrl\":\"https:\/\/frankarlos.cl\/wp-content\/uploads\/2024\/04\/Proterline-adulto-22-kg-perro.png\",\"width\":800,\"height\":800},{\"@type\":\"BreadcrumbList\",\"@id\":\"https:\/\/frankarlos.cl\/index.php\/product\/proterline-perro-adulto-22-kg\/#breadcrumb\",\"itemListElement\":[{\"@type\":\"ListItem\",\"position\":1,\"name\":\"Portada\",\"item\":\"https:\/\/frankarlos.cl\/\"},{\"@type\":\"ListItem\",\"position\":2,\"name\":\"Shop\",\"item\":\"https:\/\/frankarlos.cl\/index.php\/shop-2\/\"},{\"@type\":\"ListItem\",\"position\":3,\"name\":\"Proterline Perro Adulto 22 kg\"}]},{\"@type\":\"WebSite\",\"@id\":\"https:\/\/frankarlos.cl\/#website\",\"url\":\"https:\/\/frankarlos.cl\/\",\"name\":\"Tienda de mascotas Frankarlos\",\"description\":\"Estamos ubicados en Av. Valpara\u00edso 1982, Villa Alemana (paradero 11)\",\"publisher\":{\"@id\":\"https:\/\/frankarlos.cl\/#organization\"},\"potentialAction\":[{\"@type\":\"SearchAction\",\"target\":{\"@type\":\"EntryPoint\",\"urlTemplate\":\"https:\/\/frankarlos.cl\/?s={search_term_string}\"},\"query-input\":\"required name=search_term_string\"}],\"inLanguage\":\"es\"},{\"@type\":\"Organization\",\"@id\":\"https:\/\/frankarlos.cl\/#organization\",\"name\":\"Tienda de mascotas Frankarlos\",\"url\":\"https:\/\/frankarlos.cl\/\",\"logo\":{\"@type\":\"ImageObject\",\"inLanguage\":\"es\",\"@id\":\"https:\/\/frankarlos.cl\/#\/schema\/logo\/image\/\",\"url\":\"https:\/\/frankarlos.cl\/wp-content\/uploads\/2024\/03\/cropped-logo-Frankarlos-150.png\",\"contentUrl\":\"https:\/\/frankarlos.cl\/wp-content\/uploads\/2024\/03\/cropped-logo-Frankarlos-150.png\",\"width\":512,\"height\":512,\"caption\":\"Tienda de mascotas Frankarlos\"},\"image\":{\"@id\":\"https:\/\/frankarlos.cl\/#\/schema\/logo\/image\/\"}}]}<\/script>\n<!-- \/ Yoast SEO plugin. -->","yoast_head_json":{"title":"Proterline Perro Adulto 22 kg - Tienda de alimentos para mascotas Frankarlos","description":"Proterline Perros Adultos 22kg Frankarlos alimento para mascotas, Av. Valpara\u00edso 1982, Villa Alemana y en Quilpu\u00e9 Unimarc Marga Marga +569 8489 2837","robots":{"index":"index","follow":"follow","max-snippet":"max-snippet:-1","max-image-preview":"max-image-preview:large","max-video-preview":"max-video-preview:-1"},"canonical":"https:\/\/frankarlos.cl\/index.php\/product\/proterline-perro-adulto-22-kg\/","og_locale":"es_ES","og_type":"article","og_title":"Proterline Perro Adulto 22 kg - Tienda de alimentos para mascotas Frankarlos","og_description":"Proterline Perros Adultos 22kg Frankarlos alimento para mascotas, Av. Valpara\u00edso 1982, Villa Alemana y en Quilpu\u00e9 Unimarc Marga Marga +569 8489 2837","og_url":"https:\/\/frankarlos.cl\/index.php\/product\/proterline-perro-adulto-22-kg\/","og_site_name":"Tienda de alimentos para mascotas Frankarlos","article_modified_time":"2025-06-02T01:55:54+00:00","og_image":[{"width":800,"height":800,"url":"https:\/\/frankarlos.cl\/wp-content\/uploads\/2024\/04\/Proterline-adulto-22-kg-perro.png","type":"image\/png"}],"twitter_card":"summary_large_image","twitter_misc":{"Tiempo de lectura":"2 minutos"},"schema":{"@context":"https:\/\/schema.org","@graph":[{"@type":"WebPage","@id":"https:\/\/frankarlos.cl\/index.php\/product\/proterline-perro-adulto-22-kg\/","url":"https:\/\/frankarlos.cl\/index.php\/product\/proterline-perro-adulto-22-kg\/","name":"Proterline Perro Adulto 22 kg - Tienda de alimentos para mascotas Frankarlos","isPartOf":{"@id":"https:\/\/frankarlos.cl\/#website"},"primaryImageOfPage":{"@id":"https:\/\/frankarlos.cl\/index.php\/product\/proterline-perro-adulto-22-kg\/#primaryimage"},"image":{"@id":"https:\/\/frankarlos.cl\/index.php\/product\/proterline-perro-adulto-22-kg\/#primaryimage"},"thumbnailUrl":"https:\/\/frankarlos.cl\/wp-content\/uploads\/2024\/04\/Proterline-adulto-22-kg-perro.png","datePublished":"2024-04-19T16:34:53+00:00","dateModified":"2025-06-02T01:55:54+00:00","description":"Proterline Perros Adultos 22kg Frankarlos alimento para mascotas, Av. Valpara\u00edso 1982, Villa Alemana y en Quilpu\u00e9 Unimarc Marga Marga +569 8489 2837","breadcrumb":{"@id":"https:\/\/frankarlos.cl\/index.php\/product\/proterline-perro-adulto-22-kg\/#breadcrumb"},"inLanguage":"es","potentialAction":[{"@type":"ReadAction","target":["https:\/\/frankarlos.cl\/index.php\/product\/proterline-perro-adulto-22-kg\/"]}]},{"@type":"ImageObject","inLanguage":"es","@id":"https:\/\/frankarlos.cl\/index.php\/product\/proterline-perro-adulto-22-kg\/#primaryimage","url":"https:\/\/frankarlos.cl\/wp-content\/uploads\/2024\/04\/Proterline-adulto-22-kg-perro.png","contentUrl":"https:\/\/frankarlos.cl\/wp-content\/uploads\/2024\/04\/Proterline-adulto-22-kg-perro.png","width":800,"height":800},{"@type":"BreadcrumbList","@id":"https:\/\/frankarlos.cl\/index.php\/product\/proterline-perro-adulto-22-kg\/#breadcrumb","itemListElement":[{"@type":"ListItem","position":1,"name":"Portada","item":"https:\/\/frankarlos.cl\/"},{"@type":"ListItem","position":2,"name":"Shop","item":"https:\/\/frankarlos.cl\/index.php\/shop-2\/"},{"@type":"ListItem","position":3,"name":"Proterline Perro Adulto 22 kg"}]},{"@type":"WebSite","@id":"https:\/\/frankarlos.cl\/#website","url":"https:\/\/frankarlos.cl\/","name":"Tienda de mascotas Frankarlos","description":"Estamos ubicados en Av. Valpara\u00edso 1982, Villa Alemana (paradero 11)","publisher":{"@id":"https:\/\/frankarlos.cl\/#organization"},"potentialAction":[{"@type":"SearchAction","target":{"@type":"EntryPoint","urlTemplate":"https:\/\/frankarlos.cl\/?s={search_term_string}"},"query-input":"required name=search_term_string"}],"inLanguage":"es"},{"@type":"Organization","@id":"https:\/\/frankarlos.cl\/#organization","name":"Tienda de mascotas Frankarlos","url":"https:\/\/frankarlos.cl\/","logo":{"@type":"ImageObject","inLanguage":"es","@id":"https:\/\/frankarlos.cl\/#\/schema\/logo\/image\/","url":"https:\/\/frankarlos.cl\/wp-content\/uploads\/2024\/03\/cropped-logo-Frankarlos-150.png","contentUrl":"https:\/\/frankarlos.cl\/wp-content\/uploads\/2024\/03\/cropped-logo-Frankarlos-150.png","width":512,"height":512,"caption":"Tienda de mascotas Frankarlos"},"image":{"@id":"https:\/\/frankarlos.cl\/#\/schema\/logo\/image\/"}}]}},"_links":{"self":[{"href":"https:\/\/frankarlos.cl\/index.php\/wp-json\/wp\/v2\/product\/5471","targetHints":{"allow":["GET"]}}],"collection":[{"href":"https:\/\/frankarlos.cl\/index.php\/wp-json\/wp\/v2\/product"}],"about":[{"href":"https:\/\/frankarlos.cl\/index.php\/wp-json\/wp\/v2\/types\/product"}],"replies":[{"embeddable":true,"href":"https:\/\/frankarlos.cl\/index.php\/wp-json\/wp\/v2\/comments?post=5471"}],"wp:featuredmedia":[{"embeddable":true,"href":"https:\/\/frankarlos.cl\/index.php\/wp-json\/wp\/v2\/media\/5473"}],"wp:attachment":[{"href":"https:\/\/frankarlos.cl\/index.php\/wp-json\/wp\/v2\/media?parent=5471"}],"wp:term":[{"taxonomy":"product_cat","embeddable":true,"href":"https:\/\/frankarlos.cl\/index.php\/wp-json\/wp\/v2\/product_cat?post=5471"},{"taxonomy":"product_tag","embeddable":true,"href":"https:\/\/frankarlos.cl\/index.php\/wp-json\/wp\/v2\/product_tag?post=5471"}],"curies":[{"name":"wp","href":"https:\/\/api.w.org\/{rel}","templated":true}]}}