{"id":5435,"date":"2024-03-06T02:53:52","date_gmt":"2024-03-06T02:53:52","guid":{"rendered":"https:\/\/frankarlos.cl\/?post_type=product&#038;p=5435"},"modified":"2026-05-02T14:27:15","modified_gmt":"2026-05-02T14:27:15","slug":"fit-formula-gatos-adultos-10-kg-alimento-mascotas-villa-alemana-quilpue","status":"publish","type":"product","link":"https:\/\/frankarlos.cl\/index.php\/product\/fit-formula-gatos-adultos-10-kg-alimento-mascotas-villa-alemana-quilpue\/","title":{"rendered":"Fit Formula Gatos Adultos 10 kg"},"content":{"rendered":"<h1><strong>Fit Formula Gatos Adultos 10 kg<\/strong><\/h1>\n<p>La selecci\u00f3n de un alimento adecuado para tu mascota es muy importante para garantizar su crecimiento, desarrollo y salud. Con esta opci\u00f3n de Fit Formula podr\u00e1s cubrir las necesidades nutricionales y energ\u00e9ticas de tu gato.<\/p>\n<p>Tu mascota siempre saludable<br \/>\nUna alimentaci\u00f3n balanceada es esencial para que tu fiel compa\u00f1ero se mantenga sano y fuerte. La dieta de tu gato se refleja en su pelaje, por eso es de vital importancia que contenga todos los nutrientes necesarios para su crecimiento. Asegura la energ\u00eda y vitalidad de tu amigo para que pueda correr, saltar y jugar todo el d\u00eda.<\/p>\n<p>Beneficios del alimento seco<br \/>\nLa mayor ventaja de la comida seca para mascotas es que se puede almacenar por mucho m\u00e1s tiempo sin que se deteriore, y evita la aparici\u00f3n de hongos o bacterias. Adem\u00e1s, este tipo de alimento ayuda a eliminar el sarro y a retrasar la formaci\u00f3n de la placa dental con el proceso de masticaci\u00f3n y trituraci\u00f3n.<\/p>\n<table class=\"andes-table\">\n<tbody class=\"andes-table__body\">\n<tr class=\"andes-table__row ui-vpp-striped-specs__row\">\n<th class=\"andes-table__header andes-table__header--left ui-vpp-striped-specs__row__column ui-vpp-striped-specs__row__column--id\" scope=\"col\">\n<div class=\"andes-table__header__container\">Ingredientes<\/div>\n<\/th>\n<td id=\":R19rrashc4um:\" class=\"andes-table__column andes-table__column--left andes-table__column--vertical-align-center ui-vpp-striped-specs__row__column\" title=\"Harina de v\u00edsceras de ave, Harina de carne, Hueso Bovina, Arroz, Harina de trigo, Ma\u00edz grano, harina de soya, Aceite Refinado de Ave\"><span class=\"andes-table__column--value\">Harina de v\u00edsceras de ave, Harina de carne, Hueso Bovina, Arroz, Harina de trigo, Ma\u00edz grano, harina de soya, Aceite Refinado de Ave<\/span><\/td>\n<\/tr>\n<tr class=\"andes-table__row ui-vpp-striped-specs__row\">\n<th class=\"andes-table__header andes-table__header--left ui-vpp-striped-specs__row__column ui-vpp-striped-specs__row__column--id\" scope=\"col\">\n<div class=\"andes-table__header__container\">Prote\u00edna bruta<\/div>\n<\/th>\n<td id=\":R19trashc4um:\" class=\"andes-table__column andes-table__column--left andes-table__column--vertical-align-center ui-vpp-striped-specs__row__column\" title=\"30%\"><span class=\"andes-table__column--value\">30%<\/span><\/td>\n<\/tr>\n<\/tbody>\n<\/table>\n<table class=\"andes-table\">\n<tbody class=\"andes-table__body\">\n<tr class=\"andes-table__row ui-vpp-striped-specs__row\">\n<th class=\"andes-table__header andes-table__header--left ui-vpp-striped-specs__row__column ui-vpp-striped-specs__row__column--id\" scope=\"col\">\n<div class=\"andes-table__header__container\">Aporte de nutrientes<\/div>\n<\/th>\n<td id=\":Rafqishc4um:\" class=\"andes-table__column andes-table__column--left andes-table__column--vertical-align-center ui-vpp-striped-specs__row__column\" title=\"Prote\u00edna Cruda (m\u00ednimo) 30%, Materia Grasa (m\u00ednimo) 12%, Humedad (m\u00e1ximo) 7%\"><span class=\"andes-table__column--value\">Prote\u00edna Cruda (m\u00ednimo) 30%, Materia Grasa (m\u00ednimo) 12%, Humedad (m\u00e1ximo) 7%<\/span><\/td>\n<\/tr>\n<\/tbody>\n<\/table>\n","protected":false},"excerpt":{"rendered":"<h1><strong>Fit Formula Gatos Adultos 10 kg<\/strong><\/h1>\n<p>La selecci\u00f3n de un alimento adecuado para tu mascota es muy importante para garantizar su crecimiento, desarrollo y salud. Con esta opci\u00f3n de Fit Formula podr\u00e1s cubrir las necesidades nutricionales y energ\u00e9ticas de tu gato.<\/p>\n<p>Tu mascota siempre saludable<br \/>\nUna alimentaci\u00f3n balanceada es esencial para que tu fiel compa\u00f1ero se mantenga sano y fuerte. La dieta de tu gato se refleja en su pelaje, por eso es de vital importancia que contenga todos los nutrientes necesarios para su crecimiento. Asegura la energ\u00eda y vitalidad de tu amigo para que pueda correr, saltar y jugar todo el d\u00eda.<\/p>\n<p>Beneficios del alimento seco<br \/>\nLa mayor ventaja de la comida seca para mascotas es que se puede almacenar por mucho m\u00e1s tiempo sin que se deteriore, y evita la aparici\u00f3n de hongos o bacterias. Adem\u00e1s, este tipo de alimento ayuda a eliminar el sarro y a retrasar la formaci\u00f3n de la placa dental con el proceso de masticaci\u00f3n y trituraci\u00f3n.<\/p>\n<ul class=\"ui-vpp-highlighted-specs__features-list\">\n<li class=\"ui-vpp-highlighted-specs__features-list-item ui-pdp-color--BLACK ui-pdp-size--XSMALL ui-pdp-family--REGULAR\">Recomendado para gato adulto.<\/li>\n<li class=\"ui-vpp-highlighted-specs__features-list-item ui-pdp-color--BLACK ui-pdp-size--XSMALL ui-pdp-family--REGULAR\">Comida seca.<\/li>\n<li class=\"ui-vpp-highlighted-specs__features-list-item ui-pdp-color--BLACK ui-pdp-size--XSMALL ui-pdp-family--REGULAR\">Sabor: mix.<\/li>\n<li class=\"ui-vpp-highlighted-specs__features-list-item ui-pdp-color--BLACK ui-pdp-size--XSMALL ui-pdp-family--REGULAR\">Sabor y nutrici\u00f3n completa para tu mascota.<\/li>\n<li class=\"ui-vpp-highlighted-specs__features-list-item ui-pdp-color--BLACK ui-pdp-size--XSMALL ui-pdp-family--REGULAR\">Im\u00e1genes ilustrativas. El paquete puede variar seg\u00fan peso.<\/li>\n<li class=\"ui-vpp-highlighted-specs__features-list-item ui-pdp-color--BLACK ui-pdp-size--XSMALL ui-pdp-family--REGULAR\">El alimento pesa 10kilos<\/li>\n<\/ul>\n","protected":false},"featured_media":5452,"comment_status":"open","ping_status":"closed","template":"","meta":{"_acf_changed":false},"product_cat":[226],"product_tag":[],"class_list":{"0":"post-5435","1":"product","2":"type-product","3":"status-publish","4":"has-post-thumbnail","6":"product_cat-gatos","8":"first","9":"instock","10":"taxable","11":"shipping-taxable","12":"purchasable","13":"product-type-simple"},"acf":[],"yoast_head":"<!-- This site is optimized with the Yoast SEO plugin v22.4 - https:\/\/yoast.com\/wordpress\/plugins\/seo\/ -->\n<title>Fit Formula Gatos Adultos 10 kg - Tienda de alimentos para mascotas Frankarlos<\/title>\n<meta name=\"description\" content=\"Estamos ubicados en Av. Valpara\u00edso 1982, Paradero 11, Villa Alemana y Del Alheli 2011, Unimarc Marga Marga, local 3 y 4, Quilpu\u00e9 WhatsApp: +56 9 8489 2837\" \/>\n<meta name=\"robots\" content=\"index, follow, max-snippet:-1, max-image-preview:large, max-video-preview:-1\" \/>\n<link rel=\"canonical\" href=\"https:\/\/frankarlos.cl\/index.php\/product\/fit-formula-gatos-adultos-10-kg-alimento-mascotas-villa-alemana-quilpue\/\" \/>\n<meta property=\"og:locale\" content=\"es_ES\" \/>\n<meta property=\"og:type\" content=\"article\" \/>\n<meta property=\"og:title\" content=\"Fit Formula Gatos Adultos 10 kg - Tienda de alimentos para mascotas Frankarlos\" \/>\n<meta property=\"og:description\" content=\"Estamos ubicados en Av. Valpara\u00edso 1982, Paradero 11, Villa Alemana y Del Alheli 2011, Unimarc Marga Marga, local 3 y 4, Quilpu\u00e9 WhatsApp: +56 9 8489 2837\" \/>\n<meta property=\"og:url\" content=\"https:\/\/frankarlos.cl\/index.php\/product\/fit-formula-gatos-adultos-10-kg-alimento-mascotas-villa-alemana-quilpue\/\" \/>\n<meta property=\"og:site_name\" content=\"Tienda de alimentos para mascotas Frankarlos\" \/>\n<meta property=\"article:modified_time\" content=\"2026-05-02T14:27:15+00:00\" \/>\n<meta property=\"og:image\" content=\"https:\/\/frankarlos.cl\/wp-content\/uploads\/2024\/03\/Fit-Formula-Gatos-Adultos-10-kg-Villa-alemana-Quilpue-V-region.png\" \/>\n\t<meta property=\"og:image:width\" content=\"800\" \/>\n\t<meta property=\"og:image:height\" content=\"800\" \/>\n\t<meta property=\"og:image:type\" content=\"image\/png\" \/>\n<meta name=\"twitter:card\" content=\"summary_large_image\" \/>\n<meta name=\"twitter:label1\" content=\"Tiempo de lectura\" \/>\n\t<meta name=\"twitter:data1\" content=\"2 minutos\" \/>\n<script type=\"application\/ld+json\" class=\"yoast-schema-graph\">{\"@context\":\"https:\/\/schema.org\",\"@graph\":[{\"@type\":\"WebPage\",\"@id\":\"https:\/\/frankarlos.cl\/index.php\/product\/fit-formula-gatos-adultos-10-kg-alimento-mascotas-villa-alemana-quilpue\/\",\"url\":\"https:\/\/frankarlos.cl\/index.php\/product\/fit-formula-gatos-adultos-10-kg-alimento-mascotas-villa-alemana-quilpue\/\",\"name\":\"Fit Formula Gatos Adultos 10 kg - Tienda de alimentos para mascotas Frankarlos\",\"isPartOf\":{\"@id\":\"https:\/\/frankarlos.cl\/#website\"},\"primaryImageOfPage\":{\"@id\":\"https:\/\/frankarlos.cl\/index.php\/product\/fit-formula-gatos-adultos-10-kg-alimento-mascotas-villa-alemana-quilpue\/#primaryimage\"},\"image\":{\"@id\":\"https:\/\/frankarlos.cl\/index.php\/product\/fit-formula-gatos-adultos-10-kg-alimento-mascotas-villa-alemana-quilpue\/#primaryimage\"},\"thumbnailUrl\":\"https:\/\/frankarlos.cl\/wp-content\/uploads\/2024\/03\/Fit-Formula-Gatos-Adultos-10-kg-Villa-alemana-Quilpue-V-region.png\",\"datePublished\":\"2024-03-06T02:53:52+00:00\",\"dateModified\":\"2026-05-02T14:27:15+00:00\",\"description\":\"Estamos ubicados en Av. Valpara\u00edso 1982, Paradero 11, Villa Alemana y Del Alheli 2011, Unimarc Marga Marga, local 3 y 4, Quilpu\u00e9 WhatsApp: +56 9 8489 2837\",\"breadcrumb\":{\"@id\":\"https:\/\/frankarlos.cl\/index.php\/product\/fit-formula-gatos-adultos-10-kg-alimento-mascotas-villa-alemana-quilpue\/#breadcrumb\"},\"inLanguage\":\"es\",\"potentialAction\":[{\"@type\":\"ReadAction\",\"target\":[\"https:\/\/frankarlos.cl\/index.php\/product\/fit-formula-gatos-adultos-10-kg-alimento-mascotas-villa-alemana-quilpue\/\"]}]},{\"@type\":\"ImageObject\",\"inLanguage\":\"es\",\"@id\":\"https:\/\/frankarlos.cl\/index.php\/product\/fit-formula-gatos-adultos-10-kg-alimento-mascotas-villa-alemana-quilpue\/#primaryimage\",\"url\":\"https:\/\/frankarlos.cl\/wp-content\/uploads\/2024\/03\/Fit-Formula-Gatos-Adultos-10-kg-Villa-alemana-Quilpue-V-region.png\",\"contentUrl\":\"https:\/\/frankarlos.cl\/wp-content\/uploads\/2024\/03\/Fit-Formula-Gatos-Adultos-10-kg-Villa-alemana-Quilpue-V-region.png\",\"width\":800,\"height\":800},{\"@type\":\"BreadcrumbList\",\"@id\":\"https:\/\/frankarlos.cl\/index.php\/product\/fit-formula-gatos-adultos-10-kg-alimento-mascotas-villa-alemana-quilpue\/#breadcrumb\",\"itemListElement\":[{\"@type\":\"ListItem\",\"position\":1,\"name\":\"Portada\",\"item\":\"https:\/\/frankarlos.cl\/\"},{\"@type\":\"ListItem\",\"position\":2,\"name\":\"Shop\",\"item\":\"https:\/\/frankarlos.cl\/index.php\/shop-2\/\"},{\"@type\":\"ListItem\",\"position\":3,\"name\":\"Fit Formula Gatos Adultos 10 kg\"}]},{\"@type\":\"WebSite\",\"@id\":\"https:\/\/frankarlos.cl\/#website\",\"url\":\"https:\/\/frankarlos.cl\/\",\"name\":\"Tienda de mascotas Frankarlos\",\"description\":\"Estamos ubicados en Av. Valpara\u00edso 1982, Villa Alemana (paradero 11)\",\"publisher\":{\"@id\":\"https:\/\/frankarlos.cl\/#organization\"},\"potentialAction\":[{\"@type\":\"SearchAction\",\"target\":{\"@type\":\"EntryPoint\",\"urlTemplate\":\"https:\/\/frankarlos.cl\/?s={search_term_string}\"},\"query-input\":\"required name=search_term_string\"}],\"inLanguage\":\"es\"},{\"@type\":\"Organization\",\"@id\":\"https:\/\/frankarlos.cl\/#organization\",\"name\":\"Tienda de mascotas Frankarlos\",\"url\":\"https:\/\/frankarlos.cl\/\",\"logo\":{\"@type\":\"ImageObject\",\"inLanguage\":\"es\",\"@id\":\"https:\/\/frankarlos.cl\/#\/schema\/logo\/image\/\",\"url\":\"https:\/\/frankarlos.cl\/wp-content\/uploads\/2024\/03\/cropped-logo-Frankarlos-150.png\",\"contentUrl\":\"https:\/\/frankarlos.cl\/wp-content\/uploads\/2024\/03\/cropped-logo-Frankarlos-150.png\",\"width\":512,\"height\":512,\"caption\":\"Tienda de mascotas Frankarlos\"},\"image\":{\"@id\":\"https:\/\/frankarlos.cl\/#\/schema\/logo\/image\/\"}}]}<\/script>\n<!-- \/ Yoast SEO plugin. -->","yoast_head_json":{"title":"Fit Formula Gatos Adultos 10 kg - Tienda de alimentos para mascotas Frankarlos","description":"Estamos ubicados en Av. Valpara\u00edso 1982, Paradero 11, Villa Alemana y Del Alheli 2011, Unimarc Marga Marga, local 3 y 4, Quilpu\u00e9 WhatsApp: +56 9 8489 2837","robots":{"index":"index","follow":"follow","max-snippet":"max-snippet:-1","max-image-preview":"max-image-preview:large","max-video-preview":"max-video-preview:-1"},"canonical":"https:\/\/frankarlos.cl\/index.php\/product\/fit-formula-gatos-adultos-10-kg-alimento-mascotas-villa-alemana-quilpue\/","og_locale":"es_ES","og_type":"article","og_title":"Fit Formula Gatos Adultos 10 kg - Tienda de alimentos para mascotas Frankarlos","og_description":"Estamos ubicados en Av. Valpara\u00edso 1982, Paradero 11, Villa Alemana y Del Alheli 2011, Unimarc Marga Marga, local 3 y 4, Quilpu\u00e9 WhatsApp: +56 9 8489 2837","og_url":"https:\/\/frankarlos.cl\/index.php\/product\/fit-formula-gatos-adultos-10-kg-alimento-mascotas-villa-alemana-quilpue\/","og_site_name":"Tienda de alimentos para mascotas Frankarlos","article_modified_time":"2026-05-02T14:27:15+00:00","og_image":[{"width":800,"height":800,"url":"https:\/\/frankarlos.cl\/wp-content\/uploads\/2024\/03\/Fit-Formula-Gatos-Adultos-10-kg-Villa-alemana-Quilpue-V-region.png","type":"image\/png"}],"twitter_card":"summary_large_image","twitter_misc":{"Tiempo de lectura":"2 minutos"},"schema":{"@context":"https:\/\/schema.org","@graph":[{"@type":"WebPage","@id":"https:\/\/frankarlos.cl\/index.php\/product\/fit-formula-gatos-adultos-10-kg-alimento-mascotas-villa-alemana-quilpue\/","url":"https:\/\/frankarlos.cl\/index.php\/product\/fit-formula-gatos-adultos-10-kg-alimento-mascotas-villa-alemana-quilpue\/","name":"Fit Formula Gatos Adultos 10 kg - Tienda de alimentos para mascotas Frankarlos","isPartOf":{"@id":"https:\/\/frankarlos.cl\/#website"},"primaryImageOfPage":{"@id":"https:\/\/frankarlos.cl\/index.php\/product\/fit-formula-gatos-adultos-10-kg-alimento-mascotas-villa-alemana-quilpue\/#primaryimage"},"image":{"@id":"https:\/\/frankarlos.cl\/index.php\/product\/fit-formula-gatos-adultos-10-kg-alimento-mascotas-villa-alemana-quilpue\/#primaryimage"},"thumbnailUrl":"https:\/\/frankarlos.cl\/wp-content\/uploads\/2024\/03\/Fit-Formula-Gatos-Adultos-10-kg-Villa-alemana-Quilpue-V-region.png","datePublished":"2024-03-06T02:53:52+00:00","dateModified":"2026-05-02T14:27:15+00:00","description":"Estamos ubicados en Av. Valpara\u00edso 1982, Paradero 11, Villa Alemana y Del Alheli 2011, Unimarc Marga Marga, local 3 y 4, Quilpu\u00e9 WhatsApp: +56 9 8489 2837","breadcrumb":{"@id":"https:\/\/frankarlos.cl\/index.php\/product\/fit-formula-gatos-adultos-10-kg-alimento-mascotas-villa-alemana-quilpue\/#breadcrumb"},"inLanguage":"es","potentialAction":[{"@type":"ReadAction","target":["https:\/\/frankarlos.cl\/index.php\/product\/fit-formula-gatos-adultos-10-kg-alimento-mascotas-villa-alemana-quilpue\/"]}]},{"@type":"ImageObject","inLanguage":"es","@id":"https:\/\/frankarlos.cl\/index.php\/product\/fit-formula-gatos-adultos-10-kg-alimento-mascotas-villa-alemana-quilpue\/#primaryimage","url":"https:\/\/frankarlos.cl\/wp-content\/uploads\/2024\/03\/Fit-Formula-Gatos-Adultos-10-kg-Villa-alemana-Quilpue-V-region.png","contentUrl":"https:\/\/frankarlos.cl\/wp-content\/uploads\/2024\/03\/Fit-Formula-Gatos-Adultos-10-kg-Villa-alemana-Quilpue-V-region.png","width":800,"height":800},{"@type":"BreadcrumbList","@id":"https:\/\/frankarlos.cl\/index.php\/product\/fit-formula-gatos-adultos-10-kg-alimento-mascotas-villa-alemana-quilpue\/#breadcrumb","itemListElement":[{"@type":"ListItem","position":1,"name":"Portada","item":"https:\/\/frankarlos.cl\/"},{"@type":"ListItem","position":2,"name":"Shop","item":"https:\/\/frankarlos.cl\/index.php\/shop-2\/"},{"@type":"ListItem","position":3,"name":"Fit Formula Gatos Adultos 10 kg"}]},{"@type":"WebSite","@id":"https:\/\/frankarlos.cl\/#website","url":"https:\/\/frankarlos.cl\/","name":"Tienda de mascotas Frankarlos","description":"Estamos ubicados en Av. Valpara\u00edso 1982, Villa Alemana (paradero 11)","publisher":{"@id":"https:\/\/frankarlos.cl\/#organization"},"potentialAction":[{"@type":"SearchAction","target":{"@type":"EntryPoint","urlTemplate":"https:\/\/frankarlos.cl\/?s={search_term_string}"},"query-input":"required name=search_term_string"}],"inLanguage":"es"},{"@type":"Organization","@id":"https:\/\/frankarlos.cl\/#organization","name":"Tienda de mascotas Frankarlos","url":"https:\/\/frankarlos.cl\/","logo":{"@type":"ImageObject","inLanguage":"es","@id":"https:\/\/frankarlos.cl\/#\/schema\/logo\/image\/","url":"https:\/\/frankarlos.cl\/wp-content\/uploads\/2024\/03\/cropped-logo-Frankarlos-150.png","contentUrl":"https:\/\/frankarlos.cl\/wp-content\/uploads\/2024\/03\/cropped-logo-Frankarlos-150.png","width":512,"height":512,"caption":"Tienda de mascotas Frankarlos"},"image":{"@id":"https:\/\/frankarlos.cl\/#\/schema\/logo\/image\/"}}]}},"_links":{"self":[{"href":"https:\/\/frankarlos.cl\/index.php\/wp-json\/wp\/v2\/product\/5435","targetHints":{"allow":["GET"]}}],"collection":[{"href":"https:\/\/frankarlos.cl\/index.php\/wp-json\/wp\/v2\/product"}],"about":[{"href":"https:\/\/frankarlos.cl\/index.php\/wp-json\/wp\/v2\/types\/product"}],"replies":[{"embeddable":true,"href":"https:\/\/frankarlos.cl\/index.php\/wp-json\/wp\/v2\/comments?post=5435"}],"wp:featuredmedia":[{"embeddable":true,"href":"https:\/\/frankarlos.cl\/index.php\/wp-json\/wp\/v2\/media\/5452"}],"wp:attachment":[{"href":"https:\/\/frankarlos.cl\/index.php\/wp-json\/wp\/v2\/media?parent=5435"}],"wp:term":[{"taxonomy":"product_cat","embeddable":true,"href":"https:\/\/frankarlos.cl\/index.php\/wp-json\/wp\/v2\/product_cat?post=5435"},{"taxonomy":"product_tag","embeddable":true,"href":"https:\/\/frankarlos.cl\/index.php\/wp-json\/wp\/v2\/product_tag?post=5435"}],"curies":[{"name":"wp","href":"https:\/\/api.w.org\/{rel}","templated":true}]}}